{"id":186,"date":"2017-11-28T09:58:38","date_gmt":"2017-11-28T09:58:38","guid":{"rendered":"http:\/\/new.wizepanel.de\/?page_id=186"},"modified":"2019-03-26T09:16:42","modified_gmt":"2019-03-26T08:16:42","slug":"impressum","status":"publish","type":"page","link":"https:\/\/wizepanel.de\/en\/home\/impressum\/","title":{"rendered":"Imprint"},"content":{"rendered":"<div id=\"pl-186\"  class=\"panel-layout\" ><div id=\"pg-186-0\"  class=\"panel-grid panel-no-style\" ><div id=\"pgc-186-0-0\"  class=\"panel-grid-cell\" ><div id=\"panel-186-0-0-0\" class=\"so-panel widget widget_sow-editor panel-first-child panel-last-child\" data-index=\"0\" ><div\n\t\t\t\n\t\t\tclass=\"so-widget-sow-editor so-widget-sow-editor-base\"\n\t\t\t\n\t\t>\n<div class=\"siteorigin-widget-tinymce textwidget\">\n\t<h1 style=\"text-align: center;\">Imprint<\/h1>\n<\/div>\n<\/div><\/div><\/div><\/div><div id=\"pg-186-1\"  class=\"panel-grid panel-no-style\" ><div id=\"pgc-186-1-0\"  class=\"panel-grid-cell\" ><div id=\"panel-186-1-0-0\" class=\"so-panel widget widget_sow-editor panel-first-child panel-last-child\" data-index=\"1\" ><div\n\t\t\t\n\t\t\tclass=\"so-widget-sow-editor so-widget-sow-editor-base\"\n\t\t\t\n\t\t>\n<div class=\"siteorigin-widget-tinymce textwidget\">\n\t<table class=\"Impressum-table\" style=\"border-collapse: collapse; width: 97.7469%; height: 397px;\" border=\"0\">\n<tbody>\n<tr style=\"height: 20px;\">\n<td style=\"width: 50%; height: 20px;\"><span style=\"font-size: 18px; color: #333333;\"><strong>Name:<\/strong><\/span><\/td>\n<td style=\"width: 50%; height: 20px;\"><span style=\"font-size: 18px; color: #333333;\">Wilke Technology GmbH<\/span><\/td>\n<\/tr>\n<tr style=\"height: 20px;\">\n<td style=\"width: 50%; height: 20px;\"><span style=\"font-size: 18px; color: #333333;\"><strong>Stra\u00dfe:<\/strong><\/span><\/td>\n<td style=\"width: 50%; height: 20px;\"><span style=\"font-size: 18px; color: #333333;\"> Heider-Hof-Weg 23D<\/span><\/td>\n<\/tr>\n<tr style=\"height: 20px;\">\n<td style=\"width: 50%; height: 20px;\"><span style=\"font-size: 18px; color: #333333;\"><strong>PLZ\/Ort:<\/strong><\/span><\/td>\n<td style=\"width: 50%; height: 20px;\"><span style=\"font-size: 18px; color: #333333;\"> 52080 Aachen<\/span><\/td>\n<\/tr>\n<tr style=\"height: 20px;\">\n<td style=\"width: 50%; height: 20px;\"><span style=\"font-size: 18px; color: #333333;\"><strong>Land:<\/strong><\/span><\/td>\n<td style=\"width: 50%; height: 20px;\"><span style=\"font-size: 18px; color: #333333;\"> Deutschland<\/span><\/td>\n<\/tr>\n<tr style=\"height: 19px;\">\n<td style=\"width: 50%; height: 19px;\"><span style=\"color: #ffffff;\">T<\/span><\/td>\n<td style=\"width: 50%; height: 19px;\"><\/td>\n<\/tr>\n<tr style=\"height: 20px;\">\n<td style=\"width: 50%; height: 20px;\"><span style=\"font-size: 18px; color: #333333;\"><strong>Telefon:<\/strong><\/span><\/td>\n<td style=\"width: 50%; height: 20px;\"><span style=\"font-size: 18px; color: #333333;\">+49 2405 408 55 - 0<\/span><\/td>\n<\/tr>\n<tr style=\"height: 20px;\">\n<td style=\"width: 50%; height: 20px;\"><span style=\"font-size: 18px; color: #333333;\"><strong>Fax:<\/strong><\/span><\/td>\n<td style=\"width: 50%; height: 20px;\"><span style=\"font-size: 18px; color: #333333;\"> + 49 2405 408 55 - 444<\/span><\/td>\n<\/tr>\n<tr style=\"height: 19px;\">\n<td style=\"width: 50%; height: 19px;\"><span style=\"color: #ffffff;\">T<\/span><\/td>\n<td style=\"width: 50%; height: 19px;\"><\/td>\n<\/tr>\n<tr style=\"height: 20px;\">\n<td style=\"width: 50%; height: 20px;\"><span style=\"font-size: 18px; color: #333333;\"><strong>E-Mail:<\/strong><\/span><\/td>\n<td style=\"width: 50%; height: 20px;\"><span style=\"font-size: 18px; color: #333333;\">info@wilke.de<\/span><\/td>\n<\/tr>\n<tr style=\"height: 20px;\">\n<td style=\"width: 50%; height: 20px;\"><span style=\"font-size: 18px; color: #333333;\"><strong>Website:<\/strong><\/span><\/td>\n<td style=\"width: 50%; height: 20px;\"><span style=\"font-size: 18px; color: #333333;\"> www.wilke.de<\/span><\/td>\n<\/tr>\n<tr style=\"height: 19px;\">\n<td style=\"width: 50%; height: 19px;\"><span style=\"color: #ffffff;\">T<\/span><\/td>\n<td style=\"width: 50%; height: 19px;\"><\/td>\n<\/tr>\n<tr style=\"height: 20px;\">\n<td style=\"width: 50%; height: 20px;\"><span style=\"font-size: 18px; color: #333333;\"><strong>Sitz der Gesellschaft:<\/strong><\/span><\/td>\n<td style=\"width: 50%; height: 20px;\"><span style=\"font-size: 18px; color: #333333;\">Aachen<\/span><\/td>\n<\/tr>\n<tr style=\"height: 20px;\">\n<td style=\"width: 50%; height: 20px;\"><span style=\"font-size: 18px; color: #333333;\"><strong>Registergericht:<\/strong><\/span><\/td>\n<td style=\"width: 50%; height: 20px;\"><span style=\"font-size: 18px; color: #333333;\"> Amtsgericht Aachen<\/span><\/td>\n<\/tr>\n<tr style=\"height: 20px;\">\n<td style=\"width: 50%; height: 20px;\"><span style=\"font-size: 18px; color: #333333;\"><strong>Handelsregisternr:<\/strong><\/span><\/td>\n<td style=\"width: 50%; height: 20px;\"><span style=\"font-size: 18px; color: #333333;\"> HRB 4272<\/span><\/td>\n<\/tr>\n<tr style=\"height: 20px;\">\n<td style=\"width: 50%; height: 20px;\"><span style=\"font-size: 18px; color: #333333;\"><strong>UStID-Nr:<\/strong><\/span><\/td>\n<td style=\"width: 50%; height: 20px;\"><span style=\"font-size: 18px; color: #333333;\"> DE 121688007<\/span><\/td>\n<\/tr>\n<tr style=\"height: 20px;\">\n<td style=\"width: 50%; height: 20px;\"><span style=\"font-size: 18px; color: #333333;\"><strong>Gesch\u00e4ftsf\u00fchrer:<\/strong><\/span><\/td>\n<td style=\"width: 50%; height: 20px;\"><span style=\"font-size: 18px; color: #333333;\">Hans-J\u00fcrgen Wilke &amp; Argiroula Wilke<\/span><\/td>\n<\/tr>\n<tr style=\"height: 20px;\">\n<td style=\"width: 50%; height: 20px;\"><span style=\"font-size: 18px; color: #333333;\"><strong>\u00a0<\/strong><\/span><\/td>\n<td style=\"width: 50%; height: 20px;\"><span style=\"font-size: 18px; color: #333333;\">\u00a0<\/span><\/td>\n<\/tr>\n<tr style=\"height: 20px;\">\n<td style=\"width: 50%; height: 20px;\"><span style=\"font-size: 18px; color: #333333;\"><strong>Verantwortlich f\u00fcr den Inhalt nach \u00a7 55 Abs. 2 RStV:<\/p>\n<p><\/strong><\/span><\/td>\n<td style=\"width: 50%; height: 20px;\"><span style=\"font-size: 18px; color: #333333;\">Hans-J\u00fcrgen Wilke<br \/>\nHeider-Hof-Weg 23D<br \/>\n52080 Aachen<\/span><\/td>\n<\/tr>\n<\/tbody>\n<\/table>\n<\/div>\n<\/div><\/div><\/div><\/div><div id=\"pg-186-2\"  class=\"panel-grid panel-no-style\" ><div id=\"pgc-186-2-0\"  class=\"panel-grid-cell\" ><div id=\"panel-186-2-0-0\" class=\"so-panel widget widget_sow-editor panel-first-child panel-last-child\" data-index=\"2\" ><div\n\t\t\t\n\t\t\tclass=\"so-widget-sow-editor so-widget-sow-editor-base\"\n\t\t\t\n\t\t>\n<div class=\"siteorigin-widget-tinymce textwidget\">\n\t<h3><span style=\"color: #e5642b;\">Haftungshinweis<\/span><strong><span style=\"color: #e5642b;\">:<\/span><\/strong><\/h3>\n<p><span style=\"color: #333333; font-size: 18px;\">Diese Website kann Hinweise auf andere Eigentumsrechte und Informationen zu Urheberrechten enthalten, die beachtet und befolgt werden m\u00fcssen. Alle Informationen sind mit gro\u00dfer Sorgfalt und nach bestem Wissen und Gewissen erhoben worden. Wir \u00fcbernehmen jedoch keinerlei Gew\u00e4hr und damit Haftung f\u00fcr die Vollst\u00e4ndigkeit oder Exaktheit der bereitgestellten Informationen als auch f\u00fcr die aus der Verwendung der Informationen durch den Benutzer resultierenden Ergebnisse. Wilke Technology \u00fcbernimmt keine Haftung und Gew\u00e4hrleistung daf\u00fcr, dass irgendwelche Probleme mit den zur Verf\u00fcgung gestellten Informationen gel\u00f6st werden k\u00f6nnen. Wilke Technology gew\u00e4hrt mit der Bereitstellung der Informationen keinerlei Nutzungsrechte an Urheberrechten, Patenten oder anderem geistigen Eigentum.<\/span><\/p>\n<p><span style=\"color: #333333; font-size: 18px;\">Die Inhalte dieser Web-Seiten dienen ausschlie\u00dflich der allgemeinen Information des Benutzers. Die bereitgestellten Informationen k\u00f6nnen eine fachliche Beurteilung und individuelle Beratung nicht ersetzen. Wir behalten uns vor, die Informationen in dieser Site jederzeit und ohne vorherige Ank\u00fcndigung zu \u00e4ndern oder zu aktualisieren. Das gilt auch f\u00fcr Verbesserungen und\/oder \u00c4nderungen an den auf dieser Site beschriebenen Produkten bzw. Programmen.<\/span><\/p>\n<p><span style=\"color: #333333; font-size: 18px;\">Sofern auf andere Web-Seiten verwiesen wird (Verweise, externe Links, Hyperlinks), werden unsere Web-Seiten verlassen und f\u00fchren zu Inhalten anderer Anbieter, f\u00fcr die wir uns nicht verantwortlich zeigen oder haften. Wir \u00fcbernehmen keine Haftung f\u00fcr St\u00f6rungen oder Sch\u00e4den jeglicher Art, die aus dem Gebrauch dieser oder einer damit verlinkten Web-Seite entstehen, insbesondere Daten- oder Programmverlust in EDV- oder anderweitigen Systemen.<\/span><br \/>\n<span style=\"color: #333333; font-size: 18px;\">https:\/\/basic-tiger.de\/wp-admin\/post.php?post=543&amp;action=edit<\/span><br \/>\n<span style=\"color: #333333; font-size: 18px;\">Obwohl wir die Daten der Web-Seiten sowie die zum Download geeigneten Dateien auf Virenfreiheit pr\u00fcfen, wird keine Haftung f\u00fcr Virenfreiheit \u00fcbernommen. Dem Benutzer obliegt es, s\u00e4mtliche M\u00f6glichkeiten zu nutzen, St\u00f6rungen oder Sch\u00e4den vorzubeugen und entsprechende Vorsichtsma\u00dfnahmen zu ergreifen. Die \u00fcber unsere Webseiten m\u00f6gliche Online-Kommunikation mit uns dient ausschlie\u00dflich der Kontaktaufnahme und ist nicht dazu bestimmt, Erkl\u00e4rungen uns gegen\u00fcber abzugeben oder Daten auszutauschen. Soweit per E-Mail Daten \u00fcbermittelt werden, ist insbesondere bei der \u00dcbermittlung sensibler Daten zu ber\u00fccksichtigen, dass es Dritten technisch m\u00f6glich sein kann, unbefugt solche Daten zu lesen oder zu ver\u00e4ndern. Der Haftungsausschluss ist wesentliche Grundlage der bereitgestellten Informationen auf diesen Web-Seiten. Sofern Teile oder einzelne Formulierungen des Haftungsausschlusses der geltenden Rechtslage nicht, nicht mehr oder nicht vollst\u00e4ndig entsprechen sollten, bleiben die \u00fcbrigen Teile des Haftungsausschlusses in ihrem Inhalt und ihrer G\u00fcltigkeit unber\u00fchrt.<\/span><\/p>\n<\/div>\n<\/div><\/div><\/div><\/div><div id=\"pg-186-3\"  class=\"panel-grid panel-no-style\" ><div id=\"pgc-186-3-0\"  class=\"panel-grid-cell panel-grid-cell-empty panel-grid-cell-mobile-last\" ><\/div><div id=\"pgc-186-3-1\"  class=\"panel-grid-cell panel-grid-cell-empty\" ><\/div><\/div><div id=\"pg-186-4\"  class=\"panel-grid panel-no-style\" ><div id=\"pgc-186-4-0\"  class=\"panel-grid-cell\" ><div id=\"panel-186-4-0-0\" class=\"so-panel widget widget_sow-editor panel-first-child panel-last-child\" data-index=\"3\" ><div\n\t\t\t\n\t\t\tclass=\"so-widget-sow-editor so-widget-sow-editor-base\"\n\t\t\t\n\t\t>\n<div class=\"siteorigin-widget-tinymce textwidget\">\n\t<p><meta name=\"\u201drobots\u201d\" content=\"\u201dnoindex,\"><\/p>\n<\/div>\n<\/div><\/div><\/div><\/div><\/div>","protected":false},"excerpt":{"rendered":"<p>Impressum Name: Wilke Technology GmbH Stra\u00dfe: Heider-Hof-Weg 23D PLZ\/Ort: 52080 Aachen Land: Deutschland T Telefon: +49 2405 408 55 &#8211; 0 Fax: + 49 2405 408 55 &#8211; 444 T E-Mail: info@wilke.de Website: www.wilke.de T Sitz der Gesellschaft: Aachen Registergericht: Amtsgericht Aachen Handelsregisternr: HRB 4272 UStID-Nr: DE 121688007 Gesch\u00e4ftsf\u00fchrer: Hans-J\u00fcrgen Wilke &amp; Argiroula Wilke \u00a0 [&hellip;]<\/p>","protected":false},"author":1,"featured_media":0,"parent":12,"menu_order":0,"comment_status":"closed","ping_status":"closed","template":"","meta":{"footnotes":""},"class_list":["post-186","page","type-page","status-publish","czr-hentry"],"_links":{"self":[{"href":"https:\/\/wizepanel.de\/en\/wp-json\/wp\/v2\/pages\/186","targetHints":{"allow":["GET"]}}],"collection":[{"href":"https:\/\/wizepanel.de\/en\/wp-json\/wp\/v2\/pages"}],"about":[{"href":"https:\/\/wizepanel.de\/en\/wp-json\/wp\/v2\/types\/page"}],"author":[{"embeddable":true,"href":"https:\/\/wizepanel.de\/en\/wp-json\/wp\/v2\/users\/1"}],"replies":[{"embeddable":true,"href":"https:\/\/wizepanel.de\/en\/wp-json\/wp\/v2\/comments?post=186"}],"version-history":[{"count":0,"href":"https:\/\/wizepanel.de\/en\/wp-json\/wp\/v2\/pages\/186\/revisions"}],"up":[{"embeddable":true,"href":"https:\/\/wizepanel.de\/en\/wp-json\/wp\/v2\/pages\/12"}],"wp:attachment":[{"href":"https:\/\/wizepanel.de\/en\/wp-json\/wp\/v2\/media?parent=186"}],"curies":[{"name":"wp","href":"https:\/\/api.w.org\/{rel}","templated":true}]}}