{"id":246,"date":"2017-11-29T08:39:38","date_gmt":"2017-11-29T07:39:38","guid":{"rendered":"http:\/\/new.wizepanel.de\/?page_id=246"},"modified":"2022-10-28T14:09:19","modified_gmt":"2022-10-28T13:09:19","slug":"krankenhaeuser","status":"publish","type":"page","link":"https:\/\/wizepanel.de\/en\/krankenhaeuser\/","title":{"rendered":"Hospitals"},"content":{"rendered":"<div id=\"pl-246\"  class=\"panel-layout\" ><div id=\"pg-246-0\"  class=\"panel-grid panel-has-style\" ><div class=\"bilderdesk siteorigin-panels-stretch panel-row-style panel-row-style-for-246-0\" data-stretch-type=\"full\" ><div id=\"pgc-246-0-0\"  class=\"panel-grid-cell\" ><div id=\"panel-246-0-0-0\" class=\"so-panel widget widget_sow-editor panel-first-child panel-last-child\" data-index=\"0\" ><div\n\t\t\t\n\t\t\tclass=\"so-widget-sow-editor so-widget-sow-editor-base\"\n\t\t\t\n\t\t>\n<div class=\"siteorigin-widget-tinymce textwidget\">\n\t<\/div>\n<\/div><\/div><\/div><\/div><\/div><div id=\"pg-246-1\"  class=\"panel-grid panel-has-style\" ><div class=\"bildermob siteorigin-panels-stretch panel-row-style panel-row-style-for-246-1\" id=\"marginweg\" data-stretch-type=\"full\" ><div id=\"pgc-246-1-0\"  class=\"panel-grid-cell\" ><div id=\"panel-246-1-0-0\" class=\"so-panel widget widget_sow-editor panel-first-child panel-last-child\" data-index=\"1\" ><div\n\t\t\t\n\t\t\tclass=\"so-widget-sow-editor so-widget-sow-editor-base\"\n\t\t\t\n\t\t>\n<div class=\"siteorigin-widget-tinymce textwidget\">\n\t<\/div>\n<\/div><\/div><\/div><\/div><\/div><div id=\"pg-246-2\"  class=\"panel-grid panel-has-style\" ><div class=\"panel-row-style panel-row-style-for-246-2\" ><div id=\"pgc-246-2-0\"  class=\"panel-grid-cell\" ><div id=\"panel-246-2-0-0\" class=\"so-panel widget widget_sow-editor panel-first-child panel-last-child\" data-index=\"2\" ><div\n\t\t\t\n\t\t\tclass=\"so-widget-sow-editor so-widget-sow-editor-base\"\n\t\t\t\n\t\t>\n<div class=\"siteorigin-widget-tinymce textwidget\">\n\t<h2>At a glance<\/h2>\n<p>WizePanel provides a direct overview of the hospital room for doctors, nurses, staff, and\nvisitors, providing a personalized experience.<\/p>\n<p>Patients and visitors also love the more personal approach.<\/p>\n<\/div>\n<\/div><\/div><\/div><div id=\"pgc-246-2-1\"  class=\"panel-grid-cell\" ><div id=\"panel-246-2-1-0\" class=\"so-panel widget widget_sow-image panel-first-child panel-last-child\" data-index=\"3\" ><div\n\t\t\t\n\t\t\tclass=\"so-widget-sow-image so-widget-sow-image-default-c67d20f9f743-246\"\n\t\t\t\n\t\t>\n<div class=\"sow-image-container\">\n\t\t<img \n\tsrc=\"https:\/\/wizepanel.de\/wp-content\/uploads\/2018\/09\/Rohvorlage_6_Zoll_Krankenhaus_grau_ZO-288x300.png\" width=\"288\" height=\"300\" srcset=\"https:\/\/wizepanel.de\/wp-content\/uploads\/2018\/09\/Rohvorlage_6_Zoll_Krankenhaus_grau_ZO-288x300.png 288w, https:\/\/wizepanel.de\/wp-content\/uploads\/2018\/09\/Rohvorlage_6_Zoll_Krankenhaus_grau_ZO-600x626.png 600w, https:\/\/wizepanel.de\/wp-content\/uploads\/2018\/09\/Rohvorlage_6_Zoll_Krankenhaus_grau_ZO-768x801.png 768w, https:\/\/wizepanel.de\/wp-content\/uploads\/2018\/09\/Rohvorlage_6_Zoll_Krankenhaus_grau_ZO-982x1024.png 982w\" sizes=\"(max-width: 288px) 100vw, 288px\" alt=\"\" \t\tclass=\"so-widget-image\"\/>\n\t<\/div>\n\n<\/div><\/div><\/div><\/div><\/div><div id=\"pg-246-3\"  class=\"panel-grid panel-no-style\" ><div id=\"pgc-246-3-0\"  class=\"panel-grid-cell\" ><div id=\"panel-246-3-0-0\" class=\"so-panel widget widget_sow-editor panel-first-child panel-last-child\" data-index=\"4\" ><div\n\t\t\t\n\t\t\tclass=\"so-widget-sow-editor so-widget-sow-editor-base\"\n\t\t\t\n\t\t>\n<div class=\"siteorigin-widget-tinymce textwidget\">\n\t<hr class=\"trennstrich\" \/>\n<\/div>\n<\/div><\/div><\/div><\/div><div id=\"pg-246-4\"  class=\"panel-grid panel-has-style\" ><div class=\"panel-row-style panel-row-style-for-246-4\" ><div id=\"pgc-246-4-0\"  class=\"panel-grid-cell\" ><div id=\"panel-246-4-0-0\" class=\"so-panel widget widget_sow-image panel-first-child panel-last-child\" data-index=\"5\" ><div\n\t\t\t\n\t\t\tclass=\"so-widget-sow-image so-widget-sow-image-default-c67d20f9f743-246\"\n\t\t\t\n\t\t>\n<div class=\"sow-image-container\">\n\t\t<img \n\tsrc=\"https:\/\/wizepanel.de\/wp-content\/uploads\/2018\/07\/Fotolia_52360736_M-768x512.jpg\" width=\"768\" height=\"512\" srcset=\"https:\/\/wizepanel.de\/wp-content\/uploads\/2018\/07\/Fotolia_52360736_M-768x512.jpg 768w, https:\/\/wizepanel.de\/wp-content\/uploads\/2018\/07\/Fotolia_52360736_M-600x400.jpg 600w, https:\/\/wizepanel.de\/wp-content\/uploads\/2018\/07\/Fotolia_52360736_M-300x200.jpg 300w, https:\/\/wizepanel.de\/wp-content\/uploads\/2018\/07\/Fotolia_52360736_M-1024x682.jpg 1024w, https:\/\/wizepanel.de\/wp-content\/uploads\/2018\/07\/Fotolia_52360736_M-272x182.jpg 272w, https:\/\/wizepanel.de\/wp-content\/uploads\/2018\/07\/Fotolia_52360736_M.jpg 1688w\" sizes=\"(max-width: 768px) 100vw, 768px\" title=\"Doctors holding blue file and looking at the camera\" alt=\"\" \t\tclass=\"so-widget-image\"\/>\n\t<\/div>\n\n<\/div><\/div><\/div><div id=\"pgc-246-4-1\"  class=\"panel-grid-cell\" ><div id=\"panel-246-4-1-0\" class=\"so-panel widget widget_sow-editor panel-first-child panel-last-child\" data-index=\"6\" ><div\n\t\t\t\n\t\t\tclass=\"so-widget-sow-editor so-widget-sow-editor-base\"\n\t\t\t\n\t\t>\n<div class=\"siteorigin-widget-tinymce textwidget\">\n\t<h2>Expedited Rebooking<\/h2>\n<p>\u2022 Quickly assign rooms to new patients<br \/>\n\u2022 Situate patients easily and quickly<br \/>\n\u2022 Optimize room visits and avoid unnecessary confusion<br \/>\n\u2022 Save time and money<\/p>\n<\/div>\n<\/div><\/div><\/div><\/div><\/div><div id=\"pg-246-5\"  class=\"panel-grid panel-has-style\" ><div class=\"panel-row-style panel-row-style-for-246-5\" ><div id=\"pgc-246-5-0\"  class=\"panel-grid-cell\" ><div id=\"panel-246-5-0-0\" class=\"so-panel widget widget_sow-editor panel-first-child panel-last-child\" data-index=\"7\" ><div\n\t\t\t\n\t\t\tclass=\"so-widget-sow-editor so-widget-sow-editor-base\"\n\t\t\t\n\t\t>\n<div class=\"siteorigin-widget-tinymce textwidget\">\n\t<h2>Reduced Cost<\/h2>\n<p>At the cost of 50 cents and more per minute of a caregiver, reduced trips and reduced\nconfusion lead to reduced cost.<\/p>\n<p>10 - 20 cent daily cost for digital space signage quickly pays for itself.<\/p>\n<\/div>\n<\/div><\/div><\/div><div id=\"pgc-246-5-1\"  class=\"panel-grid-cell\" ><div id=\"panel-246-5-1-0\" class=\"so-panel widget widget_sow-image panel-first-child panel-last-child\" data-index=\"8\" ><div\n\t\t\t\n\t\t\tclass=\"so-widget-sow-image so-widget-sow-image-default-c67d20f9f743-246\"\n\t\t\t\n\t\t>\n<div class=\"sow-image-container\">\n\t\t<img \n\tsrc=\"https:\/\/wizepanel.de\/wp-content\/uploads\/2019\/01\/Fotolia_53536704_S_frei_Geld_sparen_money_kosten.jpg\" width=\"693\" height=\"693\" srcset=\"https:\/\/wizepanel.de\/wp-content\/uploads\/2019\/01\/Fotolia_53536704_S_frei_Geld_sparen_money_kosten.jpg 693w, https:\/\/wizepanel.de\/wp-content\/uploads\/2019\/01\/Fotolia_53536704_S_frei_Geld_sparen_money_kosten-300x300.jpg 300w, https:\/\/wizepanel.de\/wp-content\/uploads\/2019\/01\/Fotolia_53536704_S_frei_Geld_sparen_money_kosten-100x100.jpg 100w, https:\/\/wizepanel.de\/wp-content\/uploads\/2019\/01\/Fotolia_53536704_S_frei_Geld_sparen_money_kosten-600x600.jpg 600w, https:\/\/wizepanel.de\/wp-content\/uploads\/2019\/01\/Fotolia_53536704_S_frei_Geld_sparen_money_kosten-150x150.jpg 150w, https:\/\/wizepanel.de\/wp-content\/uploads\/2019\/01\/Fotolia_53536704_S_frei_Geld_sparen_money_kosten-144x144.jpg 144w, https:\/\/wizepanel.de\/wp-content\/uploads\/2019\/01\/Fotolia_53536704_S_frei_Geld_sparen_money_kosten-510x510.jpg 510w\" sizes=\"(max-width: 693px) 100vw, 693px\" title=\"Wizepanel_Kosten_senken_digitale_Schilder\" alt=\"\" \t\tclass=\"so-widget-image\"\/>\n\t<\/div>\n\n<\/div><\/div><\/div><\/div><\/div><div id=\"pg-246-6\"  class=\"panel-grid panel-no-style\" ><div id=\"pgc-246-6-0\"  class=\"panel-grid-cell\" ><div id=\"panel-246-6-0-0\" class=\"so-panel widget widget_sow-editor panel-first-child panel-last-child\" data-index=\"9\" ><div\n\t\t\t\n\t\t\tclass=\"so-widget-sow-editor so-widget-sow-editor-base\"\n\t\t\t\n\t\t>\n<div class=\"siteorigin-widget-tinymce textwidget\">\n\t<p style=\"text-align: center;\"><a class=\"maxbutton-27 maxbutton maxbutton-infomaterial-kontaktformular-gross external-css\" target=\"_blank\" title=\"Kontakt aufnehmen Infomaterial\" rel=\"noopener\" href=\"https:\/\/wizepanel.de\/kontakt\"><span class='mb-text'>Request information material now<\/span><\/a><\/p>\n<\/div>\n<\/div><\/div><\/div><\/div><div id=\"pg-246-7\"  class=\"panel-grid panel-has-style\" ><div class=\"siteorigin-panels-stretch panel-row-style panel-row-style-for-246-7\" data-stretch-type=\"full\" ><div id=\"pgc-246-7-0\"  class=\"panel-grid-cell\" ><div id=\"panel-246-7-0-0\" class=\"so-panel widget widget_sow-editor panel-first-child panel-last-child\" data-index=\"10\" ><div\n\t\t\t\n\t\t\tclass=\"so-widget-sow-editor so-widget-sow-editor-base\"\n\t\t\t\n\t\t>\n<div class=\"siteorigin-widget-tinymce textwidget\">\n\t<\/div>\n<\/div><\/div><\/div><\/div><\/div><div id=\"pg-246-8\"  class=\"panel-grid panel-has-style\" ><div class=\"so-parallax siteorigin-panels-stretch panel-row-style panel-row-style-for-246-8\" data-stretch-type=\"full\" ><img fetchpriority=\"high\" decoding=\"async\" width=\"2356\" height=\"1571\" src=\"https:\/\/wizepanel.de\/wp-content\/uploads\/2018\/07\/Krankenhaus_Krankenbetten_Fotolia_23952941_L.jpg\" class=\"attachment-full size-full\" alt=\"\" data-siteorigin-parallax=\"true\" loading=\"eager\" srcset=\"https:\/\/wizepanel.de\/wp-content\/uploads\/2018\/07\/Krankenhaus_Krankenbetten_Fotolia_23952941_L.jpg 2356w, https:\/\/wizepanel.de\/wp-content\/uploads\/2018\/07\/Krankenhaus_Krankenbetten_Fotolia_23952941_L-600x400.jpg 600w, https:\/\/wizepanel.de\/wp-content\/uploads\/2018\/07\/Krankenhaus_Krankenbetten_Fotolia_23952941_L-300x200.jpg 300w, https:\/\/wizepanel.de\/wp-content\/uploads\/2018\/07\/Krankenhaus_Krankenbetten_Fotolia_23952941_L-768x512.jpg 768w, https:\/\/wizepanel.de\/wp-content\/uploads\/2018\/07\/Krankenhaus_Krankenbetten_Fotolia_23952941_L-1024x683.jpg 1024w, https:\/\/wizepanel.de\/wp-content\/uploads\/2018\/07\/Krankenhaus_Krankenbetten_Fotolia_23952941_L-272x182.jpg 272w\" sizes=\"(max-width: 2356px) 100vw, 2356px\" \/><div id=\"pgc-246-8-0\"  class=\"panel-grid-cell\" ><div id=\"panel-246-8-0-0\" class=\"so-panel widget widget_sow-editor panel-first-child panel-last-child\" data-index=\"11\" ><div\n\t\t\t\n\t\t\tclass=\"so-widget-sow-editor so-widget-sow-editor-base\"\n\t\t\t\n\t\t>\n<div class=\"siteorigin-widget-tinymce textwidget\">\n\t<\/div>\n<\/div><\/div><\/div><\/div><\/div><div id=\"pg-246-9\"  class=\"panel-grid panel-has-style\" ><div class=\"siteorigin-panels-stretch panel-row-style panel-row-style-for-246-9\" data-stretch-type=\"full\" ><div id=\"pgc-246-9-0\"  class=\"panel-grid-cell\" ><div id=\"panel-246-9-0-0\" class=\"so-panel widget widget_sow-editor panel-first-child panel-last-child\" data-index=\"12\" ><div\n\t\t\t\n\t\t\tclass=\"so-widget-sow-editor so-widget-sow-editor-base\"\n\t\t\t\n\t\t>\n<div class=\"siteorigin-widget-tinymce textwidget\">\n\t<\/div>\n<\/div><\/div><\/div><\/div><\/div><div id=\"pg-246-10\"  class=\"panel-grid panel-has-style\" ><div class=\"panel-row-style panel-row-style-for-246-10\" ><div id=\"pgc-246-10-0\"  class=\"panel-grid-cell\" ><div id=\"panel-246-10-0-0\" class=\"so-panel widget widget_sow-editor panel-first-child panel-last-child\" data-index=\"13\" ><div\n\t\t\t\n\t\t\tclass=\"so-widget-sow-editor so-widget-sow-editor-base\"\n\t\t\t\n\t\t>\n<div class=\"siteorigin-widget-tinymce textwidget\">\n\t<h2>More time<\/h2>\n<p>\u2022 for patients<br \/>\n\u2022 for human interaction<br \/>\n\u2022 for higher priority tasks<\/p>\n<p>Human contact and attention play a major role in healing.<\/p>\n<p>Administrative processes rob doctors and nurses of valuable time leading to more errors and\nstress.<\/p>\n<p>Information in the patient\u2019s room facilitates orientation and can include treatment instructions\nand patient preferences.<\/p>\n<\/div>\n<\/div><\/div><\/div><div id=\"pgc-246-10-1\"  class=\"panel-grid-cell\" ><div id=\"panel-246-10-1-0\" class=\"so-panel widget widget_sow-image panel-first-child panel-last-child\" data-index=\"14\" ><div\n\t\t\t\n\t\t\tclass=\"so-widget-sow-image so-widget-sow-image-default-a258e6bfa2d8-246\"\n\t\t\t\n\t\t>\n<div class=\"sow-image-container\">\n\t\t<img \n\tsrc=\"https:\/\/wizepanel.de\/wp-content\/uploads\/2018\/07\/euromedicals_krankenpfleger_big.jpg\" width=\"458\" height=\"305\" srcset=\"https:\/\/wizepanel.de\/wp-content\/uploads\/2018\/07\/euromedicals_krankenpfleger_big.jpg 458w, https:\/\/wizepanel.de\/wp-content\/uploads\/2018\/07\/euromedicals_krankenpfleger_big-300x200.jpg 300w, https:\/\/wizepanel.de\/wp-content\/uploads\/2018\/07\/euromedicals_krankenpfleger_big-272x182.jpg 272w\" sizes=\"(max-width: 458px) 100vw, 458px\" alt=\"\" \t\tclass=\"so-widget-image\"\/>\n\t<\/div>\n\n<\/div><\/div><\/div><\/div><\/div><div id=\"pg-246-11\"  class=\"panel-grid panel-no-style\" ><div id=\"pgc-246-11-0\"  class=\"panel-grid-cell\" ><div id=\"panel-246-11-0-0\" class=\"so-panel widget widget_sow-editor panel-first-child panel-last-child\" data-index=\"15\" ><div\n\t\t\t\n\t\t\tclass=\"so-widget-sow-editor so-widget-sow-editor-base\"\n\t\t\t\n\t\t>\n<div class=\"siteorigin-widget-tinymce textwidget\">\n\t<hr class=\"trennstrich\" \/>\n<\/div>\n<\/div><\/div><\/div><\/div><div id=\"pg-246-12\"  class=\"panel-grid panel-has-style\" ><div class=\"panel-row-style panel-row-style-for-246-12\" ><div id=\"pgc-246-12-0\"  class=\"panel-grid-cell\" ><div id=\"panel-246-12-0-0\" class=\"so-panel widget widget_sow-image panel-first-child panel-last-child\" data-index=\"16\" ><div\n\t\t\t\n\t\t\tclass=\"so-widget-sow-image so-widget-sow-image-default-c67d20f9f743-246\"\n\t\t\t\n\t\t>\n<div class=\"sow-image-container\">\n\t\t<img \n\tsrc=\"https:\/\/wizepanel.de\/wp-content\/uploads\/2018\/07\/Exit-297x300.png\" width=\"297\" height=\"300\" srcset=\"https:\/\/wizepanel.de\/wp-content\/uploads\/2018\/07\/Exit-297x300.png 297w, https:\/\/wizepanel.de\/wp-content\/uploads\/2018\/07\/Exit-100x100.png 100w, https:\/\/wizepanel.de\/wp-content\/uploads\/2018\/07\/Exit-600x606.png 600w, https:\/\/wizepanel.de\/wp-content\/uploads\/2018\/07\/Exit-768x776.png 768w, https:\/\/wizepanel.de\/wp-content\/uploads\/2018\/07\/Exit-1013x1024.png 1013w, https:\/\/wizepanel.de\/wp-content\/uploads\/2018\/07\/Exit.png 1342w\" sizes=\"(max-width: 297px) 100vw, 297px\" alt=\"\" \t\tclass=\"so-widget-image\"\/>\n\t<\/div>\n\n<\/div><\/div><\/div><div id=\"pgc-246-12-1\"  class=\"panel-grid-cell\" ><div id=\"panel-246-12-1-0\" class=\"so-panel widget widget_sow-editor panel-first-child panel-last-child\" data-index=\"17\" ><div\n\t\t\t\n\t\t\tclass=\"so-widget-sow-editor so-widget-sow-editor-base\"\n\t\t\t\n\t\t>\n<div class=\"siteorigin-widget-tinymce textwidget\">\n\t<div id=\"pgc-242-10-1\" class=\"panel-grid-cell\">\n<div id=\"panel-242-10-1-0\" class=\"so-panel widget widget_sow-editor panel-first-child panel-last-child\" data-index=\"14\">\n<div class=\"so-widget-sow-editor so-widget-sow-editor-base\">\n<div class=\"siteorigin-widget-tinymce textwidget\">\n<h2>Fire Protection<\/h2>\n<p>Lack of hard-wiring precludes WizePanel as a potential source of fire.<\/p>\n<p>WizePanel data remains unchanged even in the event of power or network failure.<\/p>\n<\/div>\n<\/div>\n<\/div>\n<\/div>\n<\/div>\n<\/div><\/div><\/div><\/div><\/div><div id=\"pg-246-13\"  class=\"panel-grid panel-has-style\" ><div class=\"siteorigin-panels-stretch panel-row-style panel-row-style-for-246-13\" data-stretch-type=\"full\" ><div id=\"pgc-246-13-0\"  class=\"panel-grid-cell\" ><div id=\"panel-246-13-0-0\" class=\"so-panel widget widget_sow-editor panel-first-child panel-last-child\" data-index=\"18\" ><div\n\t\t\t\n\t\t\tclass=\"so-widget-sow-editor so-widget-sow-editor-base\"\n\t\t\t\n\t\t>\n<div class=\"siteorigin-widget-tinymce textwidget\">\n\t<\/div>\n<\/div><\/div><\/div><\/div><\/div><div id=\"pg-246-14\"  class=\"panel-grid panel-has-style\" ><div class=\"so-parallax siteorigin-panels-stretch panel-row-style panel-row-style-for-246-14\" data-stretch-type=\"full\" ><img decoding=\"async\" width=\"978\" height=\"531\" src=\"https:\/\/wizepanel.de\/wp-content\/uploads\/2018\/09\/1290391_alderheyintheparkhires2-e1540368698519.jpg\" class=\"attachment-full size-full\" alt=\"\" data-siteorigin-parallax=\"true\" loading=\"eager\" srcset=\"https:\/\/wizepanel.de\/wp-content\/uploads\/2018\/09\/1290391_alderheyintheparkhires2-e1540368698519.jpg 978w, https:\/\/wizepanel.de\/wp-content\/uploads\/2018\/09\/1290391_alderheyintheparkhires2-e1540368698519-600x326.jpg 600w, https:\/\/wizepanel.de\/wp-content\/uploads\/2018\/09\/1290391_alderheyintheparkhires2-e1540368698519-300x163.jpg 300w, https:\/\/wizepanel.de\/wp-content\/uploads\/2018\/09\/1290391_alderheyintheparkhires2-e1540368698519-768x417.jpg 768w, https:\/\/wizepanel.de\/wp-content\/uploads\/2018\/09\/1290391_alderheyintheparkhires2-e1540368698519-517x282.jpg 517w\" sizes=\"(max-width: 978px) 100vw, 978px\" \/><div id=\"pgc-246-14-0\"  class=\"panel-grid-cell\" ><div id=\"panel-246-14-0-0\" class=\"so-panel widget widget_sow-editor panel-first-child panel-last-child\" data-index=\"19\" ><div\n\t\t\t\n\t\t\tclass=\"so-widget-sow-editor so-widget-sow-editor-base\"\n\t\t\t\n\t\t>\n<div class=\"siteorigin-widget-tinymce textwidget\">\n\t<\/div>\n<\/div><\/div><\/div><\/div><\/div><div id=\"pg-246-15\"  class=\"panel-grid panel-has-style\" ><div class=\"siteorigin-panels-stretch panel-row-style panel-row-style-for-246-15\" data-stretch-type=\"full\" ><div id=\"pgc-246-15-0\"  class=\"panel-grid-cell\" ><div id=\"panel-246-15-0-0\" class=\"so-panel widget widget_sow-editor panel-first-child panel-last-child\" data-index=\"20\" ><div\n\t\t\t\n\t\t\tclass=\"so-widget-sow-editor so-widget-sow-editor-base\"\n\t\t\t\n\t\t>\n<div class=\"siteorigin-widget-tinymce textwidget\">\n\t<\/div>\n<\/div><\/div><\/div><\/div><\/div><div id=\"pg-246-16\"  class=\"panel-grid panel-no-style\" ><div id=\"pgc-246-16-0\"  class=\"panel-grid-cell\" ><div id=\"panel-246-16-0-0\" class=\"so-panel widget widget_sow-editor panel-first-child panel-last-child\" data-index=\"21\" ><div\n\t\t\t\n\t\t\tclass=\"so-widget-sow-editor so-widget-sow-editor-base\"\n\t\t\t\n\t\t>\n<div class=\"siteorigin-widget-tinymce textwidget\">\n\t<h2>Children's Hospital Alder Hey<\/h2>\n<p>Wireless, digital signage of patient rooms<\/p>\n<p>\u2022 Integration within pre-existing space and design<br \/>\n\u2022 Optimal cost-benefit ratio<br \/>\n\u2022 Attractive design<br \/>\n\u2022 Theft-proof installation<\/p>\n<\/div>\n<\/div><\/div><\/div><div id=\"pgc-246-16-1\"  class=\"panel-grid-cell\" ><div id=\"panel-246-16-1-0\" class=\"so-panel widget widget_sow-editor panel-first-child panel-last-child\" data-index=\"22\" ><div\n\t\t\t\n\t\t\tclass=\"so-widget-sow-editor so-widget-sow-editor-base\"\n\t\t\t\n\t\t>\n<div class=\"siteorigin-widget-tinymce textwidget\">\n\t<p><iframe loading=\"lazy\" src=\"https:\/\/player.vimeo.com\/video\/764934661?h=aeb855d322\" width=\"640\" height=\"315\" frameborder=\"0\" allow=\"autoplay; fullscreen\" allowfullscreen><\/iframe><\/p>\n<\/div>\n<\/div><\/div><\/div><\/div><div id=\"pg-246-17\"  class=\"panel-grid panel-has-style\" ><div class=\"siteorigin-panels-stretch panel-row-style panel-row-style-for-246-17\" data-stretch-type=\"full\" ><div id=\"pgc-246-17-0\"  class=\"panel-grid-cell\" ><div id=\"panel-246-17-0-0\" class=\"so-panel widget widget_sow-editor panel-first-child panel-last-child\" data-index=\"23\" ><div\n\t\t\t\n\t\t\tclass=\"so-widget-sow-editor so-widget-sow-editor-base\"\n\t\t\t\n\t\t>\n<div class=\"siteorigin-widget-tinymce textwidget\">\n\t<p style=\"text-align: center; color: #ffffff; font-size: 40px;\">Interested? - Contact us now!<\/p>\n<p style=\"text-align: center;\"><span style=\"font-size: 24px; color: #ffffff;\">+49 2405 408 55-0<\/span><\/p>\n<p style=\"text-align: center;\"><span style=\"font-size: 24px; color: #ffffff;\">From demonstration to complete planning and assembly in your building - everything is possible.<\/span><\/p>\n<p style=\"text-align: center;\"><span style=\"font-size: 24px; color: #ffffff;\"> <a class=\"maxbutton-20 maxbutton maxbutton-kontaktformular-gross external-css\" target=\"_blank\" title=\"Contact us now\" rel=\"noopener\" href=\"https:\/\/wizepanel.de\/home\/kontakt\"><span class='mb-text'>Contact us now<\/span><\/a><\/span><\/p>\n<\/div>\n<\/div><\/div><\/div><\/div><\/div><\/div>","protected":false},"excerpt":{"rendered":"<p>Auf einen Blick Besserer \u00dcberblick direkt am Krankenzimmer f\u00fcr \u00c4rzte und Pflegepersonal &#8211; weniger Stress und Zeitverlust. Auch Patienten und Besucher lieben die pers\u00f6nlichere Ansprache. Schnelles Umbuchen \u2022 Neue Patienten schnell in die Zimmer einbuchen \u2022 Verlegen von Patienten einfach und schnell \u2022 Wege optimieren, unn\u00f6tiges Hin und Her vermeiden \u2022 Zeit und Kosten sparen [&hellip;]<\/p>","protected":false},"author":1,"featured_media":0,"parent":0,"menu_order":0,"comment_status":"closed","ping_status":"closed","template":"","meta":{"footnotes":""},"class_list":["post-246","page","type-page","status-publish","czr-hentry"],"_links":{"self":[{"href":"https:\/\/wizepanel.de\/en\/wp-json\/wp\/v2\/pages\/246","targetHints":{"allow":["GET"]}}],"collection":[{"href":"https:\/\/wizepanel.de\/en\/wp-json\/wp\/v2\/pages"}],"about":[{"href":"https:\/\/wizepanel.de\/en\/wp-json\/wp\/v2\/types\/page"}],"author":[{"embeddable":true,"href":"https:\/\/wizepanel.de\/en\/wp-json\/wp\/v2\/users\/1"}],"replies":[{"embeddable":true,"href":"https:\/\/wizepanel.de\/en\/wp-json\/wp\/v2\/comments?post=246"}],"version-history":[{"count":0,"href":"https:\/\/wizepanel.de\/en\/wp-json\/wp\/v2\/pages\/246\/revisions"}],"wp:attachment":[{"href":"https:\/\/wizepanel.de\/en\/wp-json\/wp\/v2\/media?parent=246"}],"curies":[{"name":"wp","href":"https:\/\/api.w.org\/{rel}","templated":true}]}}