{"id":990,"date":"2018-06-30T12:25:47","date_gmt":"2018-06-30T11:25:47","guid":{"rendered":"http:\/\/new.wizepanel.de\/?page_id=990"},"modified":"2021-08-25T08:41:12","modified_gmt":"2021-08-25T07:41:12","slug":"branchen","status":"publish","type":"page","link":"https:\/\/wizepanel.de\/en\/branchen\/","title":{"rendered":"Industries"},"content":{"rendered":"<div id=\"pl-990\"  class=\"panel-layout\" ><div id=\"pg-990-0\"  class=\"panel-grid panel-has-style\" ><div class=\"siteorigin-panels-stretch panel-row-style panel-row-style-for-990-0\" data-stretch-type=\"full\" ><div id=\"pgc-990-0-0\"  class=\"panel-grid-cell\" ><div id=\"panel-990-0-0-0\" class=\"so-panel widget widget_sow-editor panel-first-child panel-last-child\" data-index=\"0\" ><div\n\t\t\t\n\t\t\tclass=\"so-widget-sow-editor so-widget-sow-editor-base\"\n\t\t\t\n\t\t>\n<div class=\"siteorigin-widget-tinymce textwidget\">\n\t<\/div>\n<\/div><\/div><\/div><\/div><\/div><div id=\"pg-990-1\"  class=\"panel-grid panel-no-style\" ><div id=\"pgc-990-1-0\"  class=\"panel-grid-cell\" ><div id=\"panel-990-1-0-0\" class=\"so-panel widget widget_sow-editor panel-first-child panel-last-child\" data-index=\"1\" ><div\n\t\t\t\n\t\t\tclass=\"so-widget-sow-editor so-widget-sow-editor-base\"\n\t\t\t\n\t\t>\n<div class=\"siteorigin-widget-tinymce textwidget\">\n\t<h2 style=\"text-align: left; color: #e5642b;\">In universities<\/h2>\n<p>Many rooms, many events, many people - a daily challenge that demands a lot of time, commitment and energy.<\/p>\n<p>Take the next step into the digital future with WizePanel - more inspiration for everyone.<\/p>\n<p><a href=\"https:\/\/wizepanel.de\/wp-content\/uploads\/2019\/01\/CASE_STUDY_worcester_university_v03.pdf\" target=\"_blank\" rel=\"noopener\"><span style=\"color: #ff6600;\">Here<\/span><\/a> is the success story of the University of Worcester.<\/p>\n<p style=\"text-align: left;\"><span class='maxbutton-4-container mb-container'><a class=\"maxbutton-4 maxbutton maxbutton-hochschulen-seite external-css\" title=\"more\" href=\"https:\/\/wizepanel.de\/hochschulen\"><span class='mb-text'>more<\/span><\/a><\/span><\/p>\n<\/div>\n<\/div><\/div><\/div><div id=\"pgc-990-1-1\"  class=\"panel-grid-cell\" ><div id=\"panel-990-1-1-0\" class=\"so-panel widget widget_sow-image panel-first-child panel-last-child\" data-index=\"2\" ><div\n\t\t\t\n\t\t\tclass=\"so-widget-sow-image so-widget-sow-image-default-c67d20f9f743-990\"\n\t\t\t\n\t\t>\n<div class=\"sow-image-container\">\n\t\t<img \n\tsrc=\"https:\/\/wizepanel.de\/wp-content\/uploads\/2018\/11\/Rohvorlage_6_Zoll_Hochschulen_orange_grau_ZO-288x300.png\" width=\"288\" height=\"300\" srcset=\"https:\/\/wizepanel.de\/wp-content\/uploads\/2018\/11\/Rohvorlage_6_Zoll_Hochschulen_orange_grau_ZO-288x300.png 288w, https:\/\/wizepanel.de\/wp-content\/uploads\/2018\/11\/Rohvorlage_6_Zoll_Hochschulen_orange_grau_ZO-600x626.png 600w, https:\/\/wizepanel.de\/wp-content\/uploads\/2018\/11\/Rohvorlage_6_Zoll_Hochschulen_orange_grau_ZO-768x801.png 768w, https:\/\/wizepanel.de\/wp-content\/uploads\/2018\/11\/Rohvorlage_6_Zoll_Hochschulen_orange_grau_ZO-982x1024.png 982w\" sizes=\"(max-width: 288px) 100vw, 288px\" alt=\"\" \t\tclass=\"so-widget-image\"\/>\n\t<\/div>\n\n<\/div><\/div><\/div><\/div><div id=\"pg-990-2\"  class=\"panel-grid panel-no-style\" ><div id=\"pgc-990-2-0\"  class=\"panel-grid-cell\" ><div id=\"panel-990-2-0-0\" class=\"so-panel widget widget_sow-editor panel-first-child panel-last-child\" data-index=\"3\" ><div\n\t\t\t\n\t\t\tclass=\"so-widget-sow-editor so-widget-sow-editor-base\"\n\t\t\t\n\t\t>\n<div class=\"siteorigin-widget-tinymce textwidget\">\n\t<hr class=\"trennstrich\" \/>\n<\/div>\n<\/div><\/div><\/div><\/div><div id=\"pg-990-3\"  class=\"panel-grid panel-no-style\" ><div id=\"pgc-990-3-0\"  class=\"panel-grid-cell\" ><div id=\"panel-990-3-0-0\" class=\"so-panel widget widget_sow-image panel-first-child panel-last-child\" data-index=\"4\" ><div\n\t\t\t\n\t\t\tclass=\"so-widget-sow-image so-widget-sow-image-default-c67d20f9f743-990\"\n\t\t\t\n\t\t>\n<div class=\"sow-image-container\">\n\t\t<img \n\tsrc=\"https:\/\/wizepanel.de\/wp-content\/uploads\/2018\/09\/Rohvorlage_6_Zoll_Krankenhaus_orange_ZO-288x300.png\" width=\"288\" height=\"300\" srcset=\"https:\/\/wizepanel.de\/wp-content\/uploads\/2018\/09\/Rohvorlage_6_Zoll_Krankenhaus_orange_ZO-288x300.png 288w, https:\/\/wizepanel.de\/wp-content\/uploads\/2018\/09\/Rohvorlage_6_Zoll_Krankenhaus_orange_ZO-600x626.png 600w, https:\/\/wizepanel.de\/wp-content\/uploads\/2018\/09\/Rohvorlage_6_Zoll_Krankenhaus_orange_ZO-768x801.png 768w, https:\/\/wizepanel.de\/wp-content\/uploads\/2018\/09\/Rohvorlage_6_Zoll_Krankenhaus_orange_ZO-982x1024.png 982w\" sizes=\"(max-width: 288px) 100vw, 288px\" alt=\"\" \t\tclass=\"so-widget-image\"\/>\n\t<\/div>\n\n<\/div><\/div><\/div><div id=\"pgc-990-3-1\"  class=\"panel-grid-cell\" ><div id=\"panel-990-3-1-0\" class=\"so-panel widget widget_sow-editor panel-first-child panel-last-child\" data-index=\"5\" ><div\n\t\t\t\n\t\t\tclass=\"so-widget-sow-editor so-widget-sow-editor-base\"\n\t\t\t\n\t\t>\n<div class=\"siteorigin-widget-tinymce textwidget\">\n\t<h2 style=\"text-align: left; color: #e5642b;\">In hospitals<\/h2>\n<p>Avoid unnecessary walking - more time for patients and lower costs.<\/p>\n<p>On WizePanel shields you communicate relevant information to doctors, nurses, visitors and patients.<\/p>\n<p style=\"text-align: left;\"><span class='maxbutton-5-container mb-container'><a class=\"maxbutton-5 maxbutton maxbutton-krankenhauser-seite external-css\" title=\"more\" href=\"https:\/\/wizepanel.de\/krankenhaeuser\"><span class='mb-text'>more<\/span><\/a><\/span><\/p>\n<\/div>\n<\/div><\/div><\/div><\/div><div id=\"pg-990-4\"  class=\"panel-grid panel-no-style\" ><div id=\"pgc-990-4-0\"  class=\"panel-grid-cell\" ><div id=\"panel-990-4-0-0\" class=\"so-panel widget widget_sow-editor panel-first-child panel-last-child\" data-index=\"6\" ><div\n\t\t\t\n\t\t\tclass=\"so-widget-sow-editor so-widget-sow-editor-base\"\n\t\t\t\n\t\t>\n<div class=\"siteorigin-widget-tinymce textwidget\">\n\t<hr class=\"trennstrich\" \/>\n<\/div>\n<\/div><\/div><\/div><\/div><div id=\"pg-990-5\"  class=\"panel-grid panel-no-style\" ><div id=\"pgc-990-5-0\"  class=\"panel-grid-cell\" ><div id=\"panel-990-5-0-0\" class=\"so-panel widget widget_sow-editor panel-first-child panel-last-child\" data-index=\"7\" ><div\n\t\t\t\n\t\t\tclass=\"so-widget-sow-editor so-widget-sow-editor-base\"\n\t\t\t\n\t\t>\n<div class=\"siteorigin-widget-tinymce textwidget\">\n\t<h2 style=\"text-align: left; color: #e5642b;\">In office buildings<\/h2>\n<p>Meeting rooms, seminar rooms, offices - the possible uses of the signs are very diverse.<\/p>\n<p>Dynamic operations become child's play - without high administrative costs. Office occupancy, meetings and events are displayed in real time in all rooms.<\/p>\n<p style=\"text-align: left;\"><span class='maxbutton-6-container mb-container'><a class=\"maxbutton-6 maxbutton maxbutton-buroraume-seite external-css\" title=\"more\" href=\"https:\/\/wizepanel.de\/buerogebaeude\"><span class='mb-text'>more<\/span><\/a><\/span><\/p>\n<\/div>\n<\/div><\/div><\/div><div id=\"pgc-990-5-1\"  class=\"panel-grid-cell\" ><div id=\"panel-990-5-1-0\" class=\"so-panel widget widget_sow-image panel-first-child panel-last-child\" data-index=\"8\" ><div\n\t\t\t\n\t\t\tclass=\"so-widget-sow-image so-widget-sow-image-default-c67d20f9f743-990\"\n\t\t\t\n\t\t>\n<div class=\"sow-image-container\">\n\t\t<img \n\tsrc=\"https:\/\/wizepanel.de\/wp-content\/uploads\/2018\/09\/Rohvorlage_6_Zoll_Krankenhaus_orange_grau_ZOv003-288x300.png\" width=\"288\" height=\"300\" srcset=\"https:\/\/wizepanel.de\/wp-content\/uploads\/2018\/09\/Rohvorlage_6_Zoll_Krankenhaus_orange_grau_ZOv003-288x300.png 288w, https:\/\/wizepanel.de\/wp-content\/uploads\/2018\/09\/Rohvorlage_6_Zoll_Krankenhaus_orange_grau_ZOv003-600x626.png 600w, https:\/\/wizepanel.de\/wp-content\/uploads\/2018\/09\/Rohvorlage_6_Zoll_Krankenhaus_orange_grau_ZOv003-768x801.png 768w, https:\/\/wizepanel.de\/wp-content\/uploads\/2018\/09\/Rohvorlage_6_Zoll_Krankenhaus_orange_grau_ZOv003-982x1024.png 982w\" sizes=\"(max-width: 288px) 100vw, 288px\" alt=\"\" \t\tclass=\"so-widget-image\"\/>\n\t<\/div>\n\n<\/div><\/div><\/div><\/div><div id=\"pg-990-6\"  class=\"panel-grid panel-has-style\" ><div class=\"siteorigin-panels-stretch panel-row-style panel-row-style-for-990-6\" data-stretch-type=\"full\" ><div id=\"pgc-990-6-0\"  class=\"panel-grid-cell\" ><div id=\"panel-990-6-0-0\" class=\"so-panel widget widget_sow-editor panel-first-child panel-last-child\" data-index=\"9\" ><div\n\t\t\t\n\t\t\tclass=\"so-widget-sow-editor so-widget-sow-editor-base\"\n\t\t\t\n\t\t>\n<div class=\"siteorigin-widget-tinymce textwidget\">\n\t<p style=\"text-align: center; color: #ffffff; font-size: 40px;\">Is your branch not included?<\/p>\n<p style=\"text-align: center;\"><span style=\"color: #ffffff; font-size: 24px;\">More overview, better organization, reduced costs is possible in every industry. Please contact us!<\/span><\/p>\n<p style=\"text-align: center;\"><span style=\"color: #ffffff; font-size: 24px;\">+49 2405 408 55-0<\/span><\/p>\n<p style=\"text-align: center;\"><span style=\"color: #ffffff; font-size: 24px;\"><a class=\"maxbutton-20 maxbutton maxbutton-kontaktformular-gross external-css\" target=\"_blank\" title=\"Contact us now\" rel=\"noopener\" href=\"https:\/\/wizepanel.de\/home\/kontakt\"><span class='mb-text'>Contact us now<\/span><\/a><\/span><\/p>\n<\/div>\n<\/div><\/div><\/div><\/div><\/div><\/div>","protected":false},"excerpt":{"rendered":"<p>An\u00a0 Hochschulen Viele R\u00e4ume, viele Veranstaltungen, viele Menschen \u2013 eine t\u00e4gliche Herausforderung, die viel Zeit, Engagement und Nerven fordert. Mit WizePanel in den n\u00e4chsten Schritt in die digitale Zukunft starten &#8211; mehr Inspiration f\u00fcr alle. Hier die Erfolgsgeschichte der University Worcester.<\/p>","protected":false},"author":1,"featured_media":0,"parent":0,"menu_order":0,"comment_status":"closed","ping_status":"closed","template":"","meta":{"footnotes":""},"class_list":["post-990","page","type-page","status-publish","czr-hentry"],"_links":{"self":[{"href":"https:\/\/wizepanel.de\/en\/wp-json\/wp\/v2\/pages\/990","targetHints":{"allow":["GET"]}}],"collection":[{"href":"https:\/\/wizepanel.de\/en\/wp-json\/wp\/v2\/pages"}],"about":[{"href":"https:\/\/wizepanel.de\/en\/wp-json\/wp\/v2\/types\/page"}],"author":[{"embeddable":true,"href":"https:\/\/wizepanel.de\/en\/wp-json\/wp\/v2\/users\/1"}],"replies":[{"embeddable":true,"href":"https:\/\/wizepanel.de\/en\/wp-json\/wp\/v2\/comments?post=990"}],"version-history":[{"count":0,"href":"https:\/\/wizepanel.de\/en\/wp-json\/wp\/v2\/pages\/990\/revisions"}],"wp:attachment":[{"href":"https:\/\/wizepanel.de\/en\/wp-json\/wp\/v2\/media?parent=990"}],"curies":[{"name":"wp","href":"https:\/\/api.w.org\/{rel}","templated":true}]}}